{"id":3,"date":"2023-02-04T19:45:57","date_gmt":"2023-02-04T19:45:57","guid":{"rendered":"https:\/\/webshau.com\/mx\/?page_id=3"},"modified":"2024-09-19T16:45:05","modified_gmt":"2024-09-19T23:45:05","slug":"privacy-policy","status":"publish","type":"page","link":"https:\/\/webshau.com\/mx\/privacy-policy\/","title":{"rendered":"Privacy Policy"},"content":{"rendered":"\n<figure class=\"wp-block-table\"><table><tbody><tr><td>AVISO DE PRIVACIDAD<\/td><\/tr><tr><td>&nbsp;<\/td><\/tr><\/tbody><\/table><\/figure>\n\n\n\n<figure class=\"wp-block-table\"><table><tbody><tr><td>AGUSTIN CEPEDA AGUILAR , mejor conocido como WEBSHAU , con domicilio en calle OBELISCO OTE 313, colonia 1RO DE DICIEMBRE, ciudad MEXICALI, municipio o delegaci\u00f3n MEXICALI, c.p. 21260, en la entidad de BAJA CALIFORNIA, pa\u00eds MEXICO , y portal de internet www.webshau.com , es el responsable del uso y protecci\u00f3n de sus datos personales, y al respecto le informamos lo siguiente:<\/td><\/tr><tr><td>&nbsp;<\/td><\/tr><tr><td>\u00bfPara qu\u00e9 fines utilizaremos sus datos personales?<\/td><\/tr><tr><td>&nbsp;<\/td><\/tr><tr><td>Los datos personales que recabamos de usted, los utilizaremos para las siguientes finalidades que son necesarias para el servicio que solicita:<\/td><\/tr><tr><td><\/td><\/tr><tr><td><br>De manera adicional, utilizaremos su informaci\u00f3n personal para las siguientes finalidades secundarias que&nbsp;<strong>no son necesarias<\/strong>&nbsp;para el servicio solicitado, pero que nos permiten y facilitan brindarle una mejor atenci\u00f3n:<\/td><\/tr><tr><td>Informaci\u00f3n acerca de serviciosContacto comercialMercadotecnia o publicitariaProspecci\u00f3n comercial<\/td><\/tr><tr><td>En caso de que no desee que sus datos personales se utilicen para estos fines secundarios, ind\u00edquelo a continuaci\u00f3n:<br><br>No consiento que mis datos personales se utilicen para los siguientes fines:<br><br>[&nbsp;&nbsp;]&nbsp;Informaci\u00f3n acerca de servicios<br>[&nbsp;&nbsp;]&nbsp;Contacto comercial<br>[&nbsp;&nbsp;]&nbsp;Mercadotecnia o publicitaria<br>[&nbsp;&nbsp;]&nbsp;Prospecci\u00f3n comercial<\/td><\/tr><tr><td><br>La negativa para el uso de sus datos personales para estas finalidades no podr\u00e1 ser un motivo para que le neguemos los servicios y productos que solicita o contrata con nosotros.<\/td><\/tr><tr><td>&nbsp;<\/td><\/tr><tr><td>\u00bfQu\u00e9 datos personales utilizaremos para estos fines?<\/td><\/tr><tr><td>&nbsp;<\/td><\/tr><tr><td>Para llevar a cabo las finalidades descritas en el presente aviso de privacidad, utilizaremos los siguientes datos personales:<br>NombreTel\u00e9fono particularTel\u00e9fono celularCorreo electr\u00f3nicoCorreo electr\u00f3nico institucional<\/td><\/tr><tr><td><br>\u00bfCon qui\u00e9n compartimos su informaci\u00f3n personal y para qu\u00e9 fines?<\/td><\/tr><tr><td>&nbsp;<\/td><\/tr><tr><td>Le informamos que sus datos personales son compartidos dentro&nbsp;del pa\u00eds con las siguientes personas, empresas, organizaciones o autoridades distintas a nosotros, para los siguientes fines:<\/td><\/tr><tr><td>&nbsp;<\/td><\/tr><\/tbody><\/table><\/figure>\n\n\n\n<figure class=\"wp-block-table\"><table><tbody><tr><td>Destinatario de los datos personales<\/td><td>Finalidad<\/td><td>Requiere del consentimiento<\/td><\/tr><tr><td>COLABORADORES DE WEBSHAU<\/td><td>Seguimiento y atenci\u00f3n de solicitudes<\/td><td>No<\/td><\/tr><\/tbody><\/table><\/figure>\n\n\n\n<figure class=\"wp-block-table\"><table><tbody><tr><td><br>\u00bfC\u00f3mo puede acceder, rectificar o cancelar sus datos personales, u oponerse a su uso?<\/td><\/tr><tr><td>&nbsp;<\/td><\/tr><tr><td>Usted tiene derecho a conocer qu\u00e9 datos personales tenemos de usted, para qu\u00e9 los utilizamos y las condiciones del uso que les damos (Acceso). Asimismo, es su derecho solicitar la correcci\u00f3n de su informaci\u00f3n personal en caso de que est\u00e9 desactualizada, sea inexacta o incompleta (Rectificaci\u00f3n); que la eliminemos de nuestros registros o bases de datos cuando considere que la misma no est\u00e1 siendo utilizada adecuadamente (Cancelaci\u00f3n); as\u00ed como oponerse al uso de sus datos personales para fines espec\u00edficos (Oposici\u00f3n). Estos derechos se conocen como derechos ARCO.<\/td><\/tr><tr><td>&nbsp;<\/td><\/tr><tr><td>Para el ejercicio de cualquiera de los derechos ARCO, usted deber\u00e1 presentar la solicitud respectiva a trav\u00e9s del siguiente medio:<br><br>Enviando un correo electr\u00f3nico a hola@webshau.com<\/td><\/tr><\/tbody><\/table><\/figure>\n\n\n\n<figure class=\"wp-block-table\"><table><tbody><tr><td>&nbsp;<\/td><\/tr><tr><td>Con relaci\u00f3n al procedimiento y requisitos para el ejercicio de sus derechos ARCO, le informamos lo siguiente:<br><\/td><\/tr><tr><td>a) \u00bfA trav\u00e9s de qu\u00e9 medios pueden acreditar su identidad el titular y, en su caso, su representante, as\u00ed como la personalidad este \u00faltimo?<br>Correo electr\u00f3nico: hola@webshau.com<\/td><\/tr><tr><td>&nbsp;<\/td><\/tr><tr><td>b) \u00bfQu\u00e9 informaci\u00f3n y\/o documentaci\u00f3n deber\u00e1 contener la solicitud?<br>Nombre completo, n\u00famero de contacto y correo electr\u00f3nico<\/td><\/tr><tr><td>&nbsp;<\/td><\/tr><tr><td>c) \u00bfEn cu\u00e1ntos d\u00edas le daremos respuesta a su solicitud?<br>5<\/td><\/tr><tr><td>&nbsp;<\/td><\/tr><tr><td>d) \u00bfPor qu\u00e9 medio le comunicaremos la respuesta a su solicitud?<br>Correo electr\u00f3nico<\/td><\/tr><tr><td>&nbsp;<\/td><\/tr><tr><td>e) \u00bfEn qu\u00e9 medios se pueden reproducir los datos personales que, en su caso, solicite?<br>Correo electr\u00f3nico<\/td><\/tr><tr><td>&nbsp;<\/td><\/tr><tr><td>f) Ponemos a sus \u00f3rdenes los siguientes formularios o sistemas para facilitar el ejercicio de derechos ARCO:<br>Correo electr\u00f3nico: hola@webshau.com<\/td><\/tr><tr><td>&nbsp;<\/td><\/tr><tr><td>g) Para mayor informaci\u00f3n sobre el procedimiento, ponemos a disposici\u00f3n los siguientes medios:<br>Correo electr\u00f3nico: hola@webshau.com<\/td><\/tr><tr><td>&nbsp;<\/td><\/tr><\/tbody><\/table><\/figure>\n\n\n\n<figure class=\"wp-block-table\"><table><tbody><tr><td><br>Los datos de contacto de la persona o departamento de datos personales, que est\u00e1 a cargo de dar tr\u00e1mite a las solicitudes de derechos ARCO, son los siguientes:<\/td><\/tr><tr><td>&nbsp;<\/td><\/tr><tr><td>a) Nombre de la persona o departamento de datos personales: Ventas<br>b) Domicilio: calle OBELISCO OTE 313, colonia 1RO DE DICIEMBRE, ciudad MEXICALI, municipio o delegaci\u00f3n MEXICALI, c.p. 21260, en la entidad de BAJA CALIFORNIA, pa\u00eds MEXICO<br><br>Usted puede revocar su consentimiento para el uso de sus datos personales<br><br>Usted puede revocar el consentimiento que, en su caso, nos haya otorgado para el tratamiento de sus datos personales. Sin embargo, es importante que tenga en cuenta que no en todos los casos podremos atender su solicitud o concluir el uso de forma inmediata, ya que es posible que por alguna obligaci\u00f3n legal requiramos seguir tratando sus datos personales. Asimismo, usted deber\u00e1 considerar que para ciertos fines, la revocaci\u00f3n de su consentimiento implicar\u00e1 que no le podamos seguir prestando el servicio que nos solicit\u00f3, o la conclusi\u00f3n de su relaci\u00f3n con nosotros.<br><br>Para revocar su consentimiento deber\u00e1 presentar su solicitud a trav\u00e9s del siguiente medio:<br><br>Correo electr\u00f3nico: hola@webshau.com<\/td><\/tr><tr><td><br>Con relaci\u00f3n al procedimiento y requisitos para la revocaci\u00f3n de su consentimiento, le informamos lo siguiente:<br><br>a) \u00bfA trav\u00e9s de qu\u00e9 medios pueden acreditar su identidad el titular y, en su caso, su representante, as\u00ed como la personalidad este \u00faltimo?<br>Correo electr\u00f3nico: hola@webshau.com<br><br>b) \u00bfQu\u00e9 informaci\u00f3n y\/o documentaci\u00f3n deber\u00e1 contener la solicitud?<br>Nombre, correo y tel\u00e9fono de contacto<br><br>c) \u00bfEn cu\u00e1ntos d\u00edas le daremos respuesta a su solicitud?<br>5<br><br>d) \u00bfPor qu\u00e9 medio le comunicaremos la respuesta a su solicitud?<br>Correo electr\u00f3nico<br><\/td><\/tr><\/tbody><\/table><\/figure>\n\n\n\n<figure class=\"wp-block-table\"><table><tbody><tr><td>&nbsp;<\/td><\/tr><tr><td>\u00bfC\u00f3mo puede limitar el uso o divulgaci\u00f3n de su informaci\u00f3n personal?<\/td><\/tr><tr><td>&nbsp;<\/td><\/tr><tr><td>Con objeto de que usted pueda limitar el uso y divulgaci\u00f3n de su informaci\u00f3n personal, le ofrecemos los siguientes medios:<br><br>Correo electr\u00f3nico: hola@webshau.com<br><\/td><\/tr><tr><td>&nbsp;<\/td><\/tr><\/tbody><\/table><\/figure>\n\n\n\n<figure class=\"wp-block-table\"><table><tbody><tr><td><strong>El uso de tecnolog\u00edas de rastreo en nuestro portal de internet<\/strong><br><br>Le informamos que en nuestra p\u00e1gina de internet utilizamos cookies, web beacons u otras tecnolog\u00edas, a trav\u00e9s de las cuales es posible monitorear su comportamiento como usuario de internet, as\u00ed como brindarle un mejor servicio y experiencia al navegar en nuestra p\u00e1gina. Los datos personales que recabamos a trav\u00e9s de estas tecnolog\u00edas, los utilizaremos para los siguientes fines:<br><br>M\u00e9tricas, seguimiento de informaci\u00f3n<br><br>Los datos personales que obtenemos de estas tecnolog\u00edas de rastreo son los siguientes:<br><br>Idioma preferido por el usuario<br>Regi\u00f3n en la que se encuentra el usuario<br>Tipo de navegador del usuario<br>Tipo de sistema operativo del usuario<br>Fecha y hora del inicio y final de una sesi\u00f3n de un usuario<br>P\u00e1ginas web visitadas por un usuario<\/td><\/tr><\/tbody><\/table><\/figure>\n\n\n\n<p>Asimismo, le informamos que su informaci\u00f3n personal ser\u00e1 compartida con las siguientes personas, empresas, organizaciones o autoridades distintas a nosotros, para los siguientes fines:<\/p>\n\n\n\n<figure class=\"wp-block-table\"><table><tbody><tr><td>Destinatario de los datos personales<\/td><td>Finalidad<\/td><\/tr><tr><td>EMPLEADOS DE WEBSHAU<\/td><td>Seguimiento de informaci\u00f3n<\/td><\/tr><\/tbody><\/table><\/figure>\n\n\n\n\n\n<figure class=\"wp-block-table\"><table><tbody><tr><td><br>\u00bfC\u00f3mo puede conocer los cambios en este aviso de privacidad?<\/td><\/tr><tr><td>&nbsp;<\/td><\/tr><tr><td>El presente aviso de privacidad puede sufrir modificaciones, cambios o actualizaciones derivadas de nuevos requerimientos legales; de nuestras propias necesidades por los productos o servicios que ofrecemos; de nuestras pr\u00e1cticas de privacidad; de cambios en nuestro modelo de negocio, o por otras causas.<br><br>Nos comprometemos a mantenerlo informado sobre los cambios que pueda sufrir el presente aviso de privacidad, a trav\u00e9s de:&nbsp;Sitio web.<br><br>El procedimiento a trav\u00e9s del cual se llevar\u00e1n a cabo las notificaciones sobre cambios o actualizaciones al presente aviso de privacidad es el siguiente:<br><br>Sitio web, por medio de un anuncio.<\/td><\/tr><\/tbody><\/table><\/figure>\n\n\n\n<figure class=\"wp-block-table\"><table><tbody><tr><td>&nbsp;<\/td><\/tr><tr><td>\u00daltima actualizaci\u00f3n: 19\/09\/2024<\/td><\/tr><\/tbody><\/table><\/figure>\n","protected":false},"excerpt":{"rendered":"<p>AVISO DE PRIVACIDAD &nbsp; AGUSTIN CEPEDA AGUILAR , mejor conocido como WEBSHAU , con domicilio en calle OBELISCO OTE 313, colonia 1RO DE DICIEMBRE, ciudad MEXICALI, municipio o delegaci\u00f3n MEXICALI, c.p. 21260, en la entidad de BAJA CALIFORNIA, pa\u00eds MEXICO , y portal de internet www.webshau.com , es el responsable del uso y protecci\u00f3n de [&hellip;]<\/p>\n","protected":false},"author":1,"featured_media":0,"parent":0,"menu_order":0,"comment_status":"closed","ping_status":"open","template":"page-privacy-policy.php","meta":[],"acf":[],"yoast_head":"<!-- This site is optimized with the Yoast SEO plugin v20.6 - https:\/\/yoast.com\/wordpress\/plugins\/seo\/ -->\n<title>Privacy Policy - Webshau<\/title>\n<meta name=\"robots\" content=\"index, follow, max-snippet:-1, max-image-preview:large, max-video-preview:-1\" \/>\n<link rel=\"canonical\" href=\"https:\/\/webshau.com\/mx\/privacy-policy\/\" \/>\n<meta property=\"og:locale\" content=\"es_MX\" \/>\n<meta property=\"og:type\" content=\"article\" \/>\n<meta property=\"og:title\" content=\"Privacy Policy - Webshau\" \/>\n<meta property=\"og:description\" content=\"AVISO DE PRIVACIDAD &nbsp; AGUSTIN CEPEDA AGUILAR , mejor conocido como WEBSHAU , con domicilio en calle OBELISCO OTE 313, colonia 1RO DE DICIEMBRE, ciudad MEXICALI, municipio o delegaci\u00f3n MEXICALI, c.p. 21260, en la entidad de BAJA CALIFORNIA, pa\u00eds MEXICO , y portal de internet www.webshau.com , es el responsable del uso y protecci\u00f3n de [&hellip;]\" \/>\n<meta property=\"og:url\" content=\"https:\/\/webshau.com\/mx\/privacy-policy\/\" \/>\n<meta property=\"og:site_name\" content=\"Webshau\" \/>\n<meta property=\"article:publisher\" content=\"https:\/\/www.facebook.com\/webshau\" \/>\n<meta property=\"article:modified_time\" content=\"2024-09-19T23:45:05+00:00\" \/>\n<meta name=\"twitter:card\" content=\"summary_large_image\" \/>\n<meta name=\"twitter:label1\" content=\"Tiempo de lectura\" \/>\n\t<meta name=\"twitter:data1\" content=\"6 minutos\" \/>\n<script type=\"application\/ld+json\" class=\"yoast-schema-graph\">{\"@context\":\"https:\/\/schema.org\",\"@graph\":[{\"@type\":\"WebPage\",\"@id\":\"https:\/\/webshau.com\/mx\/privacy-policy\/\",\"url\":\"https:\/\/webshau.com\/mx\/privacy-policy\/\",\"name\":\"Privacy Policy - Webshau\",\"isPartOf\":{\"@id\":\"https:\/\/webshau.com\/mx\/#website\"},\"datePublished\":\"2023-02-04T19:45:57+00:00\",\"dateModified\":\"2024-09-19T23:45:05+00:00\",\"breadcrumb\":{\"@id\":\"https:\/\/webshau.com\/mx\/privacy-policy\/#breadcrumb\"},\"inLanguage\":\"es-MX\",\"potentialAction\":[{\"@type\":\"ReadAction\",\"target\":[\"https:\/\/webshau.com\/mx\/privacy-policy\/\"]}]},{\"@type\":\"BreadcrumbList\",\"@id\":\"https:\/\/webshau.com\/mx\/privacy-policy\/#breadcrumb\",\"itemListElement\":[{\"@type\":\"ListItem\",\"position\":1,\"name\":\"Home\",\"item\":\"https:\/\/webshau.com\/mx\/\"},{\"@type\":\"ListItem\",\"position\":2,\"name\":\"Privacy Policy\"}]},{\"@type\":\"WebSite\",\"@id\":\"https:\/\/webshau.com\/mx\/#website\",\"url\":\"https:\/\/webshau.com\/mx\/\",\"name\":\"Webshau Mx\",\"description\":\"Dise\u00f1o y desarrollo web a la medida\",\"publisher\":{\"@id\":\"https:\/\/webshau.com\/mx\/#organization\"},\"potentialAction\":[{\"@type\":\"SearchAction\",\"target\":{\"@type\":\"EntryPoint\",\"urlTemplate\":\"https:\/\/webshau.com\/mx\/?s={search_term_string}\"},\"query-input\":\"required name=search_term_string\"}],\"inLanguage\":\"es-MX\"},{\"@type\":\"Organization\",\"@id\":\"https:\/\/webshau.com\/mx\/#organization\",\"name\":\"Webshau Mx\",\"alternateName\":\"Webshau Mx\",\"url\":\"https:\/\/webshau.com\/mx\/\",\"logo\":{\"@type\":\"ImageObject\",\"inLanguage\":\"es-MX\",\"@id\":\"https:\/\/webshau.com\/mx\/#\/schema\/logo\/image\/\",\"url\":\"https:\/\/webshau.com\/mx\/wp-content\/uploads\/2023\/05\/logo-webshau-01.jpg\",\"contentUrl\":\"https:\/\/webshau.com\/mx\/wp-content\/uploads\/2023\/05\/logo-webshau-01.jpg\",\"width\":1080,\"height\":1080,\"caption\":\"Webshau Mx\"},\"image\":{\"@id\":\"https:\/\/webshau.com\/mx\/#\/schema\/logo\/image\/\"},\"sameAs\":[\"https:\/\/www.facebook.com\/webshau\",\"https:\/\/www.instagram.com\/webshau\"]}]}<\/script>\n<!-- \/ Yoast SEO plugin. -->","yoast_head_json":{"title":"Privacy Policy - Webshau","robots":{"index":"index","follow":"follow","max-snippet":"max-snippet:-1","max-image-preview":"max-image-preview:large","max-video-preview":"max-video-preview:-1"},"canonical":"https:\/\/webshau.com\/mx\/privacy-policy\/","og_locale":"es_MX","og_type":"article","og_title":"Privacy Policy - Webshau","og_description":"AVISO DE PRIVACIDAD &nbsp; AGUSTIN CEPEDA AGUILAR , mejor conocido como WEBSHAU , con domicilio en calle OBELISCO OTE 313, colonia 1RO DE DICIEMBRE, ciudad MEXICALI, municipio o delegaci\u00f3n MEXICALI, c.p. 21260, en la entidad de BAJA CALIFORNIA, pa\u00eds MEXICO , y portal de internet www.webshau.com , es el responsable del uso y protecci\u00f3n de [&hellip;]","og_url":"https:\/\/webshau.com\/mx\/privacy-policy\/","og_site_name":"Webshau","article_publisher":"https:\/\/www.facebook.com\/webshau","article_modified_time":"2024-09-19T23:45:05+00:00","twitter_card":"summary_large_image","twitter_misc":{"Tiempo de lectura":"6 minutos"},"schema":{"@context":"https:\/\/schema.org","@graph":[{"@type":"WebPage","@id":"https:\/\/webshau.com\/mx\/privacy-policy\/","url":"https:\/\/webshau.com\/mx\/privacy-policy\/","name":"Privacy Policy - Webshau","isPartOf":{"@id":"https:\/\/webshau.com\/mx\/#website"},"datePublished":"2023-02-04T19:45:57+00:00","dateModified":"2024-09-19T23:45:05+00:00","breadcrumb":{"@id":"https:\/\/webshau.com\/mx\/privacy-policy\/#breadcrumb"},"inLanguage":"es-MX","potentialAction":[{"@type":"ReadAction","target":["https:\/\/webshau.com\/mx\/privacy-policy\/"]}]},{"@type":"BreadcrumbList","@id":"https:\/\/webshau.com\/mx\/privacy-policy\/#breadcrumb","itemListElement":[{"@type":"ListItem","position":1,"name":"Home","item":"https:\/\/webshau.com\/mx\/"},{"@type":"ListItem","position":2,"name":"Privacy Policy"}]},{"@type":"WebSite","@id":"https:\/\/webshau.com\/mx\/#website","url":"https:\/\/webshau.com\/mx\/","name":"Webshau Mx","description":"Dise\u00f1o y desarrollo web a la medida","publisher":{"@id":"https:\/\/webshau.com\/mx\/#organization"},"potentialAction":[{"@type":"SearchAction","target":{"@type":"EntryPoint","urlTemplate":"https:\/\/webshau.com\/mx\/?s={search_term_string}"},"query-input":"required name=search_term_string"}],"inLanguage":"es-MX"},{"@type":"Organization","@id":"https:\/\/webshau.com\/mx\/#organization","name":"Webshau Mx","alternateName":"Webshau Mx","url":"https:\/\/webshau.com\/mx\/","logo":{"@type":"ImageObject","inLanguage":"es-MX","@id":"https:\/\/webshau.com\/mx\/#\/schema\/logo\/image\/","url":"https:\/\/webshau.com\/mx\/wp-content\/uploads\/2023\/05\/logo-webshau-01.jpg","contentUrl":"https:\/\/webshau.com\/mx\/wp-content\/uploads\/2023\/05\/logo-webshau-01.jpg","width":1080,"height":1080,"caption":"Webshau Mx"},"image":{"@id":"https:\/\/webshau.com\/mx\/#\/schema\/logo\/image\/"},"sameAs":["https:\/\/www.facebook.com\/webshau","https:\/\/www.instagram.com\/webshau"]}]}},"_links":{"self":[{"href":"https:\/\/webshau.com\/mx\/wp-json\/wp\/v2\/pages\/3"}],"collection":[{"href":"https:\/\/webshau.com\/mx\/wp-json\/wp\/v2\/pages"}],"about":[{"href":"https:\/\/webshau.com\/mx\/wp-json\/wp\/v2\/types\/page"}],"author":[{"embeddable":true,"href":"https:\/\/webshau.com\/mx\/wp-json\/wp\/v2\/users\/1"}],"replies":[{"embeddable":true,"href":"https:\/\/webshau.com\/mx\/wp-json\/wp\/v2\/comments?post=3"}],"version-history":[{"count":3,"href":"https:\/\/webshau.com\/mx\/wp-json\/wp\/v2\/pages\/3\/revisions"}],"predecessor-version":[{"id":239,"href":"https:\/\/webshau.com\/mx\/wp-json\/wp\/v2\/pages\/3\/revisions\/239"}],"wp:attachment":[{"href":"https:\/\/webshau.com\/mx\/wp-json\/wp\/v2\/media?parent=3"}],"curies":[{"name":"wp","href":"https:\/\/api.w.org\/{rel}","templated":true}]}}